{"id":2871,"date":"2024-10-28T18:46:04","date_gmt":"2024-10-28T18:46:04","guid":{"rendered":"https:\/\/wordpress-663295-4718693.cloudwaysapps.com\/?page_id=2871"},"modified":"2025-10-23T14:13:35","modified_gmt":"2025-10-23T14:13:35","slug":"a-remodelacao-do-seu-hotel-em-boas-maos","status":"publish","type":"page","link":"https:\/\/c-m-c.nl\/pt-pt\/a-remodelacao-do-seu-hotel-em-boas-maos\/","title":{"rendered":"A remodela\u00e7\u00e3o do seu hotel em boas m\u00e3os"},"content":{"rendered":"\t\t<div data-elementor-type=\"wp-page\" data-elementor-id=\"2871\" class=\"elementor elementor-2871 elementor-2854\" data-elementor-post-type=\"page\">\n\t\t\t\t<div class=\"elementor-element elementor-element-25f6e7f e-flex e-con-boxed e-con e-parent\" data-id=\"25f6e7f\" data-element_type=\"container\" data-e-type=\"container\">\n\t\t\t\t\t<div class=\"e-con-inner\">\n\t\t\t\t<div class=\"elementor-element elementor-element-a4ab5c5 elementor-widget__width-inherit elementor-widget elementor-widget-heading\" data-id=\"a4ab5c5\" data-element_type=\"widget\" data-e-type=\"widget\" data-widget_type=\"heading.default\">\n\t\t\t\t<div class=\"elementor-widget-container\">\n\t\t\t\t\t<p class=\"elementor-heading-title elementor-size-default\">Construction-Management-Consultancy<\/p>\t\t\t\t<\/div>\n\t\t\t\t<\/div>\n\t\t\t\t<div class=\"elementor-element elementor-element-cd590a9 elementor-widget elementor-widget-text-editor\" data-id=\"cd590a9\" data-element_type=\"widget\" data-e-type=\"widget\" data-widget_type=\"text-editor.default\">\n\t\t\t\t<div class=\"elementor-widget-container\">\n\t\t\t\t\t\t\t\t\t<div class='contentcdn'><!DOCTYPE HTML PUBLIC \"-\/\/IETF\/\/DTD HTML 2.0\/\/EN\">\n<html><head>\n<title>500 Internal Server Error<\/title>\n<\/head><body>\n<h1>Internal Server Error<\/h1>\n<p>The server encountered an internal error or\nmisconfiguration and was unable to complete\nyour request.<\/p>\n<p>Please contact the server administrator at \n [no address given] to inform them of the time this error occurred,\n and the actions you performed just before this error.<\/p>\n<p>More information about this error may be available\nin the server error log.<\/p>\n<hr>\n<address>Apache Server at cdn.perfect-sales.nl Port 80<\/address>\n<\/body><\/html>\n<\/div>\t\t\t\t\t\t\t\t<\/div>\n\t\t\t\t<\/div>\n\t\t\t\t\t<\/div>\n\t\t\t\t<\/div>\n\t\t<div class=\"elementor-element elementor-element-770befb e-con-full ps-banner e-flex e-con e-parent\" data-id=\"770befb\" data-element_type=\"container\" data-e-type=\"container\" data-settings=\"{&quot;background_background&quot;:&quot;classic&quot;}\">\n\t\t\t\t<\/div>\n\t\t<div class=\"elementor-element elementor-element-7c66c036 e-flex e-con-boxed e-con e-parent\" data-id=\"7c66c036\" data-element_type=\"container\" data-e-type=\"container\">\n\t\t\t\t\t<div class=\"e-con-inner\">\n\t\t<div class=\"elementor-element elementor-element-2ae56633 e-con-full e-flex e-con e-child\" data-id=\"2ae56633\" data-element_type=\"container\" data-e-type=\"container\">\n\t\t\t\t<div class=\"elementor-element elementor-element-1dd93807 elementor-widget elementor-widget-counter\" data-id=\"1dd93807\" data-element_type=\"widget\" data-e-type=\"widget\" data-widget_type=\"counter.default\">\n\t\t\t\t<div class=\"elementor-widget-container\">\n\t\t\t\t\t\t\t<div class=\"elementor-counter\">\n\t\t\t<span class=\"elementor-counter-title\">estabelecido em<\/span>\t\t\t<div class=\"elementor-counter-number-wrapper\">\n\t\t\t\t<span class=\"elementor-counter-number-prefix\"><\/span>\n\t\t\t\t<span class=\"elementor-counter-number\" data-duration=\"4000\" data-to-value=\"1999\" data-from-value=\"1999\">1999<\/span>\n\t\t\t\t<span class=\"elementor-counter-number-suffix\"><\/span>\n\t\t\t<\/div>\n\t\t<\/div>\n\t\t\t\t\t\t<\/div>\n\t\t\t\t<\/div>\n\t\t\t\t<\/div>\n\t\t<div class=\"elementor-element elementor-element-535ade99 e-con-full e-flex e-con e-child\" data-id=\"535ade99\" data-element_type=\"container\" data-e-type=\"container\">\n\t\t\t\t<div class=\"elementor-element elementor-element-12eca286 elementor-widget elementor-widget-counter\" data-id=\"12eca286\" data-element_type=\"widget\" data-e-type=\"widget\" data-widget_type=\"counter.default\">\n\t\t\t\t<div class=\"elementor-widget-container\">\n\t\t\t\t\t\t\t<div class=\"elementor-counter\">\n\t\t\t<span class=\"elementor-counter-title\">PARCEIROS<\/span>\t\t\t<div class=\"elementor-counter-number-wrapper\">\n\t\t\t\t<span class=\"elementor-counter-number-prefix\"><\/span>\n\t\t\t\t<span class=\"elementor-counter-number\" data-duration=\"5000\" data-to-value=\"270\" data-from-value=\"\"><\/span>\n\t\t\t\t<span class=\"elementor-counter-number-suffix\"><\/span>\n\t\t\t<\/div>\n\t\t<\/div>\n\t\t\t\t\t\t<\/div>\n\t\t\t\t<\/div>\n\t\t\t\t<\/div>\n\t\t<div class=\"elementor-element elementor-element-1fc42a5e e-con-full e-flex e-con e-child\" data-id=\"1fc42a5e\" data-element_type=\"container\" data-e-type=\"container\">\n\t\t\t\t<div class=\"elementor-element elementor-element-6c742b1 elementor-widget elementor-widget-counter\" data-id=\"6c742b1\" data-element_type=\"widget\" data-e-type=\"widget\" data-widget_type=\"counter.default\">\n\t\t\t\t<div class=\"elementor-widget-container\">\n\t\t\t\t\t\t\t<div class=\"elementor-counter\">\n\t\t\t<span class=\"elementor-counter-title\">Projectos por ano<\/span>\t\t\t<div class=\"elementor-counter-number-wrapper\">\n\t\t\t\t<span class=\"elementor-counter-number-prefix\"><\/span>\n\t\t\t\t<span class=\"elementor-counter-number\" data-duration=\"5000\" data-to-value=\"100\" data-from-value=\"\"><\/span>\n\t\t\t\t<span class=\"elementor-counter-number-suffix\">+<\/span>\n\t\t\t<\/div>\n\t\t<\/div>\n\t\t\t\t\t\t<\/div>\n\t\t\t\t<\/div>\n\t\t\t\t<\/div>\n\t\t\t\t\t<\/div>\n\t\t\t\t<\/div>\n\t\t<div class=\"elementor-element elementor-element-2bfbb3c e-con-full e-flex e-con e-parent\" data-id=\"2bfbb3c\" data-element_type=\"container\" data-e-type=\"container\" data-settings=\"{&quot;background_background&quot;:&quot;classic&quot;}\">\n\t\t<div class=\"elementor-element elementor-element-ccfd58b e-con-full e-flex e-con e-child\" data-id=\"ccfd58b\" data-element_type=\"container\" data-e-type=\"container\">\n\t\t<div class=\"elementor-element elementor-element-5144db6 e-con-full e-flex e-con e-child\" data-id=\"5144db6\" data-element_type=\"container\" data-e-type=\"container\">\n\t\t\t\t<div class=\"elementor-element elementor-element-22f0fb7 elementor-widget elementor-widget-heading\" data-id=\"22f0fb7\" data-element_type=\"widget\" data-e-type=\"widget\" data-widget_type=\"heading.default\">\n\t\t\t\t<div class=\"elementor-widget-container\">\n\t\t\t\t\t<h2 class=\"elementor-heading-title elementor-size-default\">O que lhe oferecemos? Muito mais do que projetos de arquitetura.<\/h2>\t\t\t\t<\/div>\n\t\t\t\t<\/div>\n\t\t\t\t<\/div>\n\t\t<div class=\"elementor-element elementor-element-d5f0c34 e-con-full e-flex e-con e-child\" data-id=\"d5f0c34\" data-element_type=\"container\" data-e-type=\"container\">\n\t\t\t\t<div class=\"elementor-element elementor-element-9e0c56d p-0 elementor-widget elementor-widget-text-editor\" data-id=\"9e0c56d\" data-element_type=\"widget\" data-e-type=\"widget\" data-widget_type=\"text-editor.default\">\n\t\t\t\t<div class=\"elementor-widget-container\">\n\t\t\t\t\t\t\t\t\t<p>A sustentabilidade \u00e9 o pilar da nossa atua\u00e7\u00e3o. Trabalhamos para minimizar o impacto ambiental e esta \u00e9 uma prioridade partilhada por toda a nossa equipa. Os nossos projetos contribuem para melhorar a vida das pessoas e o futuro do planeta. Valorizamos o trabalho colaborativo com clientes e empreiteiros para implementar processos sustent\u00e1veis e criar um impacto positivo a longo prazo.      <\/p>\n\t\t\t\t\t\t\t\t<\/div>\n\t\t\t\t<\/div>\n\t\t\t\t<div class=\"elementor-element elementor-element-0095a49 elementor-widget elementor-widget-button\" data-id=\"0095a49\" data-element_type=\"widget\" data-e-type=\"widget\" data-widget_type=\"button.default\">\n\t\t\t\t<div class=\"elementor-widget-container\">\n\t\t\t\t\t\t\t\t\t<div class=\"elementor-button-wrapper\">\n\t\t\t\t\t<a class=\"elementor-button elementor-button-link elementor-size-sm\" href=\"https:\/\/c-m-c.nl\/pt-pt\/aconselhamento-tecnico\/\">\n\t\t\t\t\t\t<span class=\"elementor-button-content-wrapper\">\n\t\t\t\t\t\t\t\t\t<span class=\"elementor-button-text\">CONTACTe-NOS<\/span>\n\t\t\t\t\t<\/span>\n\t\t\t\t\t<\/a>\n\t\t\t\t<\/div>\n\t\t\t\t\t\t\t\t<\/div>\n\t\t\t\t<\/div>\n\t\t\t\t<\/div>\n\t\t\t\t<\/div>\n\t\t\t\t<\/div>\n\t\t<div class=\"elementor-element elementor-element-f9093a6 e-con-full e-flex e-con e-parent\" data-id=\"f9093a6\" data-element_type=\"container\" data-e-type=\"container\" data-settings=\"{&quot;background_background&quot;:&quot;classic&quot;}\">\n\t\t\t\t<div class=\"elementor-element elementor-element-1e225caa homepage-cmc elementor-widget elementor-widget-custom_carousel_homepage\" data-id=\"1e225caa\" data-element_type=\"widget\" data-e-type=\"widget\" data-widget_type=\"custom_carousel_homepage.default\">\n\t\t\t\t<div class=\"elementor-widget-container\">\n\t\t\t\t\t\r\n        <div class=\"slick-carousel homepage-cmc\">\r\n                            <div class=\"item\">\r\n                    <img decoding=\"async\" src=\"https:\/\/c-m-c.nl\/wp-content\/uploads\/2024\/07\/Home-carousel-one-cmc.webp\" alt=\"\">\r\n                <\/div>\r\n                            <div class=\"item\">\r\n                    <img decoding=\"async\" src=\"https:\/\/c-m-c.nl\/wp-content\/uploads\/2024\/07\/Home-carousel-two-cmc.webp\" alt=\"\">\r\n                <\/div>\r\n                            <div class=\"item\">\r\n                    <img decoding=\"async\" src=\"https:\/\/c-m-c.nl\/wp-content\/uploads\/2024\/07\/Home-carousel-three-cmc.webp\" alt=\"\">\r\n                <\/div>\r\n                    <\/div>\r\n\r\n    \t\t\t\t<\/div>\n\t\t\t\t<\/div>\n\t\t<div class=\"elementor-element elementor-element-2b9c26a e-con-full e-flex e-con e-child\" data-id=\"2b9c26a\" data-element_type=\"container\" data-e-type=\"container\">\n\t\t\t\t<div class=\"elementor-element elementor-element-3d08b86a js_slick-prev-homepage elementor-view-default elementor-widget elementor-widget-icon\" data-id=\"3d08b86a\" data-element_type=\"widget\" data-e-type=\"widget\" data-widget_type=\"icon.default\">\n\t\t\t\t<div class=\"elementor-widget-container\">\n\t\t\t\t\t\t\t<div class=\"elementor-icon-wrapper\">\n\t\t\t<div class=\"elementor-icon\">\n\t\t\t<svg xmlns=\"http:\/\/www.w3.org\/2000\/svg\" width=\"42\" height=\"42\" viewBox=\"0 0 42 42\" fill=\"none\"><rect x=\"41.5\" y=\"41.5\" width=\"41\" height=\"41\" rx=\"20.5\" transform=\"rotate(-180 41.5 41.5)\" stroke=\"white\"><\/rect><path d=\"M18.4 27L19.4613 25.9387L15.2725 21.75L29.6 21.75L29.6 20.25L15.2725 20.25L19.4613 16.0612L18.4 15L12.4 21L18.4 27Z\" fill=\"white\"><\/path><\/svg>\t\t\t<\/div>\n\t\t<\/div>\n\t\t\t\t\t\t<\/div>\n\t\t\t\t<\/div>\n\t\t\t\t<div class=\"elementor-element elementor-element-3a08521 js_slick-next-homepage elementor-view-default elementor-widget elementor-widget-icon\" data-id=\"3a08521\" data-element_type=\"widget\" data-e-type=\"widget\" data-widget_type=\"icon.default\">\n\t\t\t\t<div class=\"elementor-widget-container\">\n\t\t\t\t\t\t\t<div class=\"elementor-icon-wrapper\">\n\t\t\t<div class=\"elementor-icon\">\n\t\t\t<svg xmlns=\"http:\/\/www.w3.org\/2000\/svg\" width=\"42\" height=\"42\" viewBox=\"0 0 42 42\" fill=\"none\"><rect x=\"0.5\" y=\"0.5\" width=\"41\" height=\"41\" rx=\"20.5\" stroke=\"white\"><\/rect><path d=\"M23.6 15L22.5387 16.0612L26.7275 20.25L12.4 20.25V21.75L26.7275 21.75L22.5387 25.9388L23.6 27L29.6 21L23.6 15Z\" fill=\"white\"><\/path><\/svg>\t\t\t<\/div>\n\t\t<\/div>\n\t\t\t\t\t\t<\/div>\n\t\t\t\t<\/div>\n\t\t\t\t<\/div>\n\t\t\t\t<\/div>\n\t\t<div class=\"elementor-element elementor-element-15dd530 e-con-full e-flex e-con e-parent\" data-id=\"15dd530\" data-element_type=\"container\" data-e-type=\"container\">\n\t\t\t\t<div class=\"elementor-element elementor-element-91303a2 elementor-widget elementor-widget-template\" data-id=\"91303a2\" data-element_type=\"widget\" data-e-type=\"widget\" data-widget_type=\"template.default\">\n\t\t\t\t<div class=\"elementor-widget-container\">\n\t\t\t\t\t\t\t<div class=\"elementor-template\">\n\t\t\t\t\t<div data-elementor-type=\"container\" data-elementor-id=\"1108\" class=\"elementor elementor-1108 elementor-498 elementor-498\" data-elementor-post-type=\"elementor_library\">\n\t\t\t\t<div class=\"elementor-element elementor-element-3cbb2630 e-con-full e-flex e-con e-parent\" data-id=\"3cbb2630\" data-element_type=\"container\" data-e-type=\"container\">\n\t\t\t\t<div class=\"elementor-element elementor-element-25764079 elementor-widget elementor-widget-heading\" data-id=\"25764079\" data-element_type=\"widget\" data-e-type=\"widget\" data-widget_type=\"heading.default\">\n\t\t\t\t<div class=\"elementor-widget-container\">\n\t\t\t\t\t<h2 class=\"elementor-heading-title elementor-size-default\">Alguns dos nossos parceiros<\/h2>\t\t\t\t<\/div>\n\t\t\t\t<\/div>\n\t\t\t\t<div class=\"elementor-element elementor-element-47559763 elementor-widget elementor-widget-image-carousel\" data-id=\"47559763\" data-element_type=\"widget\" data-e-type=\"widget\" data-settings=\"{&quot;slides_to_show&quot;:&quot;6&quot;,&quot;slides_to_scroll&quot;:&quot;1&quot;,&quot;navigation&quot;:&quot;none&quot;,&quot;lazyload&quot;:&quot;yes&quot;,&quot;image_spacing_custom&quot;:{&quot;unit&quot;:&quot;px&quot;,&quot;size&quot;:100,&quot;sizes&quot;:[]},&quot;slides_to_show_tablet&quot;:&quot;4&quot;,&quot;image_spacing_custom_tablet&quot;:{&quot;unit&quot;:&quot;px&quot;,&quot;size&quot;:20,&quot;sizes&quot;:[]},&quot;slides_to_show_mobile&quot;:&quot;2&quot;,&quot;autoplay_speed&quot;:0,&quot;speed&quot;:5000,&quot;autoplay&quot;:&quot;yes&quot;,&quot;infinite&quot;:&quot;yes&quot;,&quot;image_spacing_custom_mobile&quot;:{&quot;unit&quot;:&quot;px&quot;,&quot;size&quot;:&quot;&quot;,&quot;sizes&quot;:[]}}\" data-widget_type=\"image-carousel.default\">\n\t\t\t\t<div class=\"elementor-widget-container\">\n\t\t\t\t\t\t\t<div class=\"elementor-image-carousel-wrapper swiper\" role=\"region\" aria-roledescription=\"carousel\" aria-label=\"Carrossel de imagens\" dir=\"ltr\">\n\t\t\t<div class=\"elementor-image-carousel swiper-wrapper\" aria-live=\"off\">\n\t\t\t\t\t\t\t\t<div class=\"swiper-slide\" role=\"group\" aria-roledescription=\"slide\" aria-label=\"1 of 7\"><figure class=\"swiper-slide-inner\"><img class=\"swiper-slide-image swiper-lazy\" data-src=\"https:\/\/c-m-c.nl\/wp-content\/uploads\/2024\/07\/ico-jysk.svg\" alt=\"ico-jysk\" \/><div class=\"swiper-lazy-preloader\"><\/div><\/figure><\/div><div class=\"swiper-slide\" role=\"group\" aria-roledescription=\"slide\" aria-label=\"2 of 7\"><figure class=\"swiper-slide-inner\"><img class=\"swiper-slide-image swiper-lazy\" data-src=\"https:\/\/c-m-c.nl\/wp-content\/uploads\/2024\/11\/Zara_retailer-Logo.wine_-e1730993237797.png\" alt=\"Zara_(retailer)-Logo.wine\" \/><div class=\"swiper-lazy-preloader\"><\/div><\/figure><\/div><div class=\"swiper-slide\" role=\"group\" aria-roledescription=\"slide\" aria-label=\"3 of 7\"><figure class=\"swiper-slide-inner\"><img class=\"swiper-slide-image swiper-lazy\" data-src=\"https:\/\/c-m-c.nl\/wp-content\/uploads\/2024\/07\/ico-oriental.svg\" alt=\"ico-oriental\" \/><div class=\"swiper-lazy-preloader\"><\/div><\/figure><\/div><div class=\"swiper-slide\" role=\"group\" aria-roledescription=\"slide\" aria-label=\"4 of 7\"><figure class=\"swiper-slide-inner\"><img class=\"swiper-slide-image swiper-lazy\" data-src=\"https:\/\/c-m-c.nl\/wp-content\/uploads\/2024\/11\/Massimo_Dutti.png\" alt=\"Massimo_Dutti\" \/><div class=\"swiper-lazy-preloader\"><\/div><\/figure><\/div><div class=\"swiper-slide\" role=\"group\" aria-roledescription=\"slide\" aria-label=\"5 of 7\"><figure class=\"swiper-slide-inner\"><img class=\"swiper-slide-image swiper-lazy\" data-src=\"https:\/\/c-m-c.nl\/wp-content\/uploads\/2024\/07\/ico-hema.svg\" alt=\"ico-hema\" \/><div class=\"swiper-lazy-preloader\"><\/div><\/figure><\/div><div class=\"swiper-slide\" role=\"group\" aria-roledescription=\"slide\" aria-label=\"6 of 7\"><figure class=\"swiper-slide-inner\"><img class=\"swiper-slide-image swiper-lazy\" data-src=\"https:\/\/c-m-c.nl\/wp-content\/uploads\/2024\/11\/Bershka-Emblem.png\" alt=\"Bershka-Emblem\" \/><div class=\"swiper-lazy-preloader\"><\/div><\/figure><\/div><div class=\"swiper-slide\" role=\"group\" aria-roledescription=\"slide\" aria-label=\"7 of 7\"><figure class=\"swiper-slide-inner\"><img class=\"swiper-slide-image swiper-lazy\" data-src=\"https:\/\/c-m-c.nl\/wp-content\/uploads\/2024\/11\/Media_Markt_logo.svg.png\" alt=\"Media_Markt_logo.svg\" \/><div class=\"swiper-lazy-preloader\"><\/div><\/figure><\/div>\t\t\t<\/div>\n\t\t\t\t\t\t\t\n\t\t\t\t\t\t\t\t\t<\/div>\n\t\t\t\t\t\t<\/div>\n\t\t\t\t<\/div>\n\t\t\t\t<\/div>\n\t\t\t\t<\/div>\n\t\t\t\t<\/div>\n\t\t\t\t\t\t<\/div>\n\t\t\t\t<\/div>\n\t\t\t\t<\/div>\n\t\t\t\t<\/div>\n\t\t","protected":false},"excerpt":{"rendered":"<p>Confiar a renova\u00e7\u00e3o do seu hotel \u00e0 ACompliManuten\u00e7\u00e3o.Lda \u00e9 garantia de rigor, efici\u00eancia e resultados de qualidade.<\/p>\n","protected":false},"author":3,"featured_media":0,"parent":0,"menu_order":0,"comment_status":"closed","ping_status":"closed","template":"","meta":{"footnotes":""},"class_list":["post-2871","page","type-page","status-publish","hentry"],"_links":{"self":[{"href":"https:\/\/c-m-c.nl\/pt-pt\/wp-json\/wp\/v2\/pages\/2871","targetHints":{"allow":["GET"]}}],"collection":[{"href":"https:\/\/c-m-c.nl\/pt-pt\/wp-json\/wp\/v2\/pages"}],"about":[{"href":"https:\/\/c-m-c.nl\/pt-pt\/wp-json\/wp\/v2\/types\/page"}],"author":[{"embeddable":true,"href":"https:\/\/c-m-c.nl\/pt-pt\/wp-json\/wp\/v2\/users\/3"}],"replies":[{"embeddable":true,"href":"https:\/\/c-m-c.nl\/pt-pt\/wp-json\/wp\/v2\/comments?post=2871"}],"version-history":[{"count":11,"href":"https:\/\/c-m-c.nl\/pt-pt\/wp-json\/wp\/v2\/pages\/2871\/revisions"}],"predecessor-version":[{"id":3659,"href":"https:\/\/c-m-c.nl\/pt-pt\/wp-json\/wp\/v2\/pages\/2871\/revisions\/3659"}],"wp:attachment":[{"href":"https:\/\/c-m-c.nl\/pt-pt\/wp-json\/wp\/v2\/media?parent=2871"}],"curies":[{"name":"wp","href":"https:\/\/api.w.org\/{rel}","templated":true}]}}