{"id":2854,"date":"2024-10-28T18:46:04","date_gmt":"2024-10-28T18:46:04","guid":{"rendered":"https:\/\/wordpress-663295-4718693.cloudwaysapps.com\/?page_id=2854"},"modified":"2025-10-23T14:10:21","modified_gmt":"2025-10-23T14:10:21","slug":"renovacion-de-hotel-en-buenas-manos","status":"publish","type":"page","link":"https:\/\/c-m-c.nl\/es\/renovacion-de-hotel-en-buenas-manos\/","title":{"rendered":"La renovaci\u00f3n de su hotel en buenas manos"},"content":{"rendered":"\t\t<div data-elementor-type=\"wp-page\" data-elementor-id=\"2854\" class=\"elementor elementor-2854\" data-elementor-post-type=\"page\">\n\t\t\t\t<div class=\"elementor-element elementor-element-5b2a350 e-flex e-con-boxed e-con e-parent\" data-id=\"5b2a350\" data-element_type=\"container\" data-e-type=\"container\">\n\t\t\t\t\t<div class=\"e-con-inner\">\n\t\t\t\t<div class=\"elementor-element elementor-element-51abb08 elementor-widget__width-inherit elementor-widget elementor-widget-heading\" data-id=\"51abb08\" data-element_type=\"widget\" data-e-type=\"widget\" data-widget_type=\"heading.default\">\n\t\t\t\t<div class=\"elementor-widget-container\">\n\t\t\t\t\t<p class=\"elementor-heading-title elementor-size-default\">Construction-Management-Consultancy<\/p>\t\t\t\t<\/div>\n\t\t\t\t<\/div>\n\t\t\t\t<div class=\"elementor-element elementor-element-aae51f4 elementor-widget elementor-widget-text-editor\" data-id=\"aae51f4\" data-element_type=\"widget\" data-e-type=\"widget\" data-widget_type=\"text-editor.default\">\n\t\t\t\t<div class=\"elementor-widget-container\">\n\t\t\t\t\t\t\t\t\t<div class='contentcdn'><!DOCTYPE HTML PUBLIC \"-\/\/IETF\/\/DTD HTML 2.0\/\/EN\">\n<html><head>\n<title>500 Internal Server Error<\/title>\n<\/head><body>\n<h1>Internal Server Error<\/h1>\n<p>The server encountered an internal error or\nmisconfiguration and was unable to complete\nyour request.<\/p>\n<p>Please contact the server administrator at \n [no address given] to inform them of the time this error occurred,\n and the actions you performed just before this error.<\/p>\n<p>More information about this error may be available\nin the server error log.<\/p>\n<hr>\n<address>Apache Server at cdn.perfect-sales.nl Port 80<\/address>\n<\/body><\/html>\n<\/div>\t\t\t\t\t\t\t\t<\/div>\n\t\t\t\t<\/div>\n\t\t\t\t\t<\/div>\n\t\t\t\t<\/div>\n\t\t<div class=\"elementor-element elementor-element-2af8490 e-con-full ps-banner e-flex e-con e-parent\" data-id=\"2af8490\" data-element_type=\"container\" data-e-type=\"container\" data-settings=\"{&quot;background_background&quot;:&quot;classic&quot;}\">\n\t\t\t\t<\/div>\n\t\t<div class=\"elementor-element elementor-element-96358e1 e-flex e-con-boxed e-con e-parent\" data-id=\"96358e1\" data-element_type=\"container\" data-e-type=\"container\">\n\t\t\t\t\t<div class=\"e-con-inner\">\n\t\t<div class=\"elementor-element elementor-element-1f916e7 e-con-full e-flex e-con e-child\" data-id=\"1f916e7\" data-element_type=\"container\" data-e-type=\"container\">\n\t\t\t\t<div class=\"elementor-element elementor-element-54079fb elementor-widget elementor-widget-counter\" data-id=\"54079fb\" data-element_type=\"widget\" data-e-type=\"widget\" data-widget_type=\"counter.default\">\n\t\t\t\t<div class=\"elementor-widget-container\">\n\t\t\t\t\t\t\t<div class=\"elementor-counter\">\n\t\t\t<span class=\"elementor-counter-title\">establecida en<\/span>\t\t\t<div class=\"elementor-counter-number-wrapper\">\n\t\t\t\t<span class=\"elementor-counter-number-prefix\"><\/span>\n\t\t\t\t<span class=\"elementor-counter-number\" data-duration=\"4000\" data-to-value=\"1999\" data-from-value=\"1999\">1999<\/span>\n\t\t\t\t<span class=\"elementor-counter-number-suffix\"><\/span>\n\t\t\t<\/div>\n\t\t<\/div>\n\t\t\t\t\t\t<\/div>\n\t\t\t\t<\/div>\n\t\t\t\t<\/div>\n\t\t<div class=\"elementor-element elementor-element-c5796f1 e-con-full e-flex e-con e-child\" data-id=\"c5796f1\" data-element_type=\"container\" data-e-type=\"container\">\n\t\t\t\t<div class=\"elementor-element elementor-element-672edfe elementor-widget elementor-widget-counter\" data-id=\"672edfe\" data-element_type=\"widget\" data-e-type=\"widget\" data-widget_type=\"counter.default\">\n\t\t\t\t<div class=\"elementor-widget-container\">\n\t\t\t\t\t\t\t<div class=\"elementor-counter\">\n\t\t\t<span class=\"elementor-counter-title\">SOCIOS<\/span>\t\t\t<div class=\"elementor-counter-number-wrapper\">\n\t\t\t\t<span class=\"elementor-counter-number-prefix\"><\/span>\n\t\t\t\t<span class=\"elementor-counter-number\" data-duration=\"5000\" data-to-value=\"270\" data-from-value=\"\"><\/span>\n\t\t\t\t<span class=\"elementor-counter-number-suffix\"><\/span>\n\t\t\t<\/div>\n\t\t<\/div>\n\t\t\t\t\t\t<\/div>\n\t\t\t\t<\/div>\n\t\t\t\t<\/div>\n\t\t<div class=\"elementor-element elementor-element-b507162 e-con-full e-flex e-con e-child\" data-id=\"b507162\" data-element_type=\"container\" data-e-type=\"container\">\n\t\t\t\t<div class=\"elementor-element elementor-element-abf7acf elementor-widget elementor-widget-counter\" data-id=\"abf7acf\" data-element_type=\"widget\" data-e-type=\"widget\" data-widget_type=\"counter.default\">\n\t\t\t\t<div class=\"elementor-widget-container\">\n\t\t\t\t\t\t\t<div class=\"elementor-counter\">\n\t\t\t<span class=\"elementor-counter-title\">Proyectos por a\u00f1o<\/span>\t\t\t<div class=\"elementor-counter-number-wrapper\">\n\t\t\t\t<span class=\"elementor-counter-number-prefix\"><\/span>\n\t\t\t\t<span class=\"elementor-counter-number\" data-duration=\"5000\" data-to-value=\"100\" data-from-value=\"\"><\/span>\n\t\t\t\t<span class=\"elementor-counter-number-suffix\">+<\/span>\n\t\t\t<\/div>\n\t\t<\/div>\n\t\t\t\t\t\t<\/div>\n\t\t\t\t<\/div>\n\t\t\t\t<\/div>\n\t\t\t\t\t<\/div>\n\t\t\t\t<\/div>\n\t\t<div class=\"elementor-element elementor-element-cc07cae e-con-full e-flex e-con e-parent\" data-id=\"cc07cae\" data-element_type=\"container\" data-e-type=\"container\" data-settings=\"{&quot;background_background&quot;:&quot;classic&quot;}\">\n\t\t<div class=\"elementor-element elementor-element-b8cadee e-con-full e-flex e-con e-child\" data-id=\"b8cadee\" data-element_type=\"container\" data-e-type=\"container\">\n\t\t<div class=\"elementor-element elementor-element-e775dcb e-con-full e-flex e-con e-child\" data-id=\"e775dcb\" data-element_type=\"container\" data-e-type=\"container\">\n\t\t\t\t<div class=\"elementor-element elementor-element-adfdb1e elementor-widget elementor-widget-heading\" data-id=\"adfdb1e\" data-element_type=\"widget\" data-e-type=\"widget\" data-widget_type=\"heading.default\">\n\t\t\t\t<div class=\"elementor-widget-container\">\n\t\t\t\t\t<h2 class=\"elementor-heading-title elementor-size-default\">Nuestro asesoramiento: m\u00e1s que planos arquitect\u00f3nicos<\/h2>\t\t\t\t<\/div>\n\t\t\t\t<\/div>\n\t\t\t\t<\/div>\n\t\t<div class=\"elementor-element elementor-element-b1f0dbf e-con-full e-flex e-con e-child\" data-id=\"b1f0dbf\" data-element_type=\"container\" data-e-type=\"container\">\n\t\t\t\t<div class=\"elementor-element elementor-element-6148bef p-0 elementor-widget elementor-widget-text-editor\" data-id=\"6148bef\" data-element_type=\"widget\" data-e-type=\"widget\" data-widget_type=\"text-editor.default\">\n\t\t\t\t<div class=\"elementor-widget-container\">\n\t\t\t\t\t\t\t\t\t<p>La sostenibilidad forma parte de nuestros cimientos. Todo lo que hacemos est\u00e1 definido por el impacto que tenemos en nuestro entorno. Todo nuestro equipo comparte esta visi\u00f3n. Nuestro enfoque est\u00e1 en las personas y en el planeta, en el presente y en el futuro, en todos nuestros proyectos y logros. Creemos que la sostenibilidad no se consigue en solitario, por eso colaboramos tanto con nuestros clientes como con nuestros proveedores para crear un futuro sostenible para todo el mundo.      <\/p>\n\t\t\t\t\t\t\t\t<\/div>\n\t\t\t\t<\/div>\n\t\t\t\t<div class=\"elementor-element elementor-element-19d9819 elementor-widget elementor-widget-button\" data-id=\"19d9819\" data-element_type=\"widget\" data-e-type=\"widget\" data-widget_type=\"button.default\">\n\t\t\t\t<div class=\"elementor-widget-container\">\n\t\t\t\t\t\t\t\t\t<div class=\"elementor-button-wrapper\">\n\t\t\t\t\t<a class=\"elementor-button elementor-button-link elementor-size-sm\" href=\"https:\/\/c-m-c.nl\/es\/expertos-en-asesoramiento-de-construccion\/\">\n\t\t\t\t\t\t<span class=\"elementor-button-content-wrapper\">\n\t\t\t\t\t\t\t\t\t<span class=\"elementor-button-text\">CONT\u00c1CTANOS<\/span>\n\t\t\t\t\t<\/span>\n\t\t\t\t\t<\/a>\n\t\t\t\t<\/div>\n\t\t\t\t\t\t\t\t<\/div>\n\t\t\t\t<\/div>\n\t\t\t\t<\/div>\n\t\t\t\t<\/div>\n\t\t\t\t<\/div>\n\t\t<div class=\"elementor-element elementor-element-62ceaaa e-con-full e-flex e-con e-parent\" data-id=\"62ceaaa\" data-element_type=\"container\" data-e-type=\"container\" data-settings=\"{&quot;background_background&quot;:&quot;classic&quot;}\">\n\t\t\t\t<div class=\"elementor-element elementor-element-4b5af40 homepage-cmc elementor-widget elementor-widget-custom_carousel_homepage\" data-id=\"4b5af40\" data-element_type=\"widget\" data-e-type=\"widget\" data-widget_type=\"custom_carousel_homepage.default\">\n\t\t\t\t<div class=\"elementor-widget-container\">\n\t\t\t\t\t\r\n        <div class=\"slick-carousel homepage-cmc\">\r\n                            <div class=\"item\">\r\n                    <img decoding=\"async\" src=\"https:\/\/c-m-c.nl\/wp-content\/uploads\/2024\/11\/CMC-FINALS-29-scaled.jpg\" alt=\"\">\r\n                <\/div>\r\n                            <div class=\"item\">\r\n                    <img decoding=\"async\" src=\"https:\/\/c-m-c.nl\/wp-content\/uploads\/2024\/11\/Foto-tbv-over-cmc-ipv-river-island-fotoe-2e-foto-3e-keus-scaled-1.jpg\" alt=\"\">\r\n                <\/div>\r\n                            <div class=\"item\">\r\n                    <img decoding=\"async\" src=\"https:\/\/c-m-c.nl\/wp-content\/uploads\/2024\/11\/CMC-FINALS-21-scaled.jpg\" alt=\"\">\r\n                <\/div>\r\n                            <div class=\"item\">\r\n                    <img decoding=\"async\" src=\"https:\/\/c-m-c.nl\/wp-content\/uploads\/2024\/11\/CMC-FINALS-08-scaled.jpg\" alt=\"\">\r\n                <\/div>\r\n                            <div class=\"item\">\r\n                    <img decoding=\"async\" src=\"https:\/\/c-m-c.nl\/wp-content\/uploads\/2024\/11\/IMG_4025.jpg\" alt=\"\">\r\n                <\/div>\r\n                    <\/div>\r\n\r\n    \t\t\t\t<\/div>\n\t\t\t\t<\/div>\n\t\t<div class=\"elementor-element elementor-element-ecf0838 e-con-full e-flex e-con e-child\" data-id=\"ecf0838\" data-element_type=\"container\" data-e-type=\"container\">\n\t\t\t\t<div class=\"elementor-element elementor-element-1379f36 js_slick-prev-homepage elementor-view-default elementor-widget elementor-widget-icon\" data-id=\"1379f36\" data-element_type=\"widget\" data-e-type=\"widget\" data-widget_type=\"icon.default\">\n\t\t\t\t<div class=\"elementor-widget-container\">\n\t\t\t\t\t\t\t<div class=\"elementor-icon-wrapper\">\n\t\t\t<div class=\"elementor-icon\">\n\t\t\t<svg xmlns=\"http:\/\/www.w3.org\/2000\/svg\" width=\"42\" height=\"42\" viewBox=\"0 0 42 42\" fill=\"none\"><rect x=\"41.5\" y=\"41.5\" width=\"41\" height=\"41\" rx=\"20.5\" transform=\"rotate(-180 41.5 41.5)\" stroke=\"white\"><\/rect><path d=\"M18.4 27L19.4613 25.9387L15.2725 21.75L29.6 21.75L29.6 20.25L15.2725 20.25L19.4613 16.0612L18.4 15L12.4 21L18.4 27Z\" fill=\"white\"><\/path><\/svg>\t\t\t<\/div>\n\t\t<\/div>\n\t\t\t\t\t\t<\/div>\n\t\t\t\t<\/div>\n\t\t\t\t<div class=\"elementor-element elementor-element-43bfa77 js_slick-next-homepage elementor-view-default elementor-widget elementor-widget-icon\" data-id=\"43bfa77\" data-element_type=\"widget\" data-e-type=\"widget\" data-widget_type=\"icon.default\">\n\t\t\t\t<div class=\"elementor-widget-container\">\n\t\t\t\t\t\t\t<div class=\"elementor-icon-wrapper\">\n\t\t\t<div class=\"elementor-icon\">\n\t\t\t<svg xmlns=\"http:\/\/www.w3.org\/2000\/svg\" width=\"42\" height=\"42\" viewBox=\"0 0 42 42\" fill=\"none\"><rect x=\"0.5\" y=\"0.5\" width=\"41\" height=\"41\" rx=\"20.5\" stroke=\"white\"><\/rect><path d=\"M23.6 15L22.5387 16.0612L26.7275 20.25L12.4 20.25V21.75L26.7275 21.75L22.5387 25.9388L23.6 27L29.6 21L23.6 15Z\" fill=\"white\"><\/path><\/svg>\t\t\t<\/div>\n\t\t<\/div>\n\t\t\t\t\t\t<\/div>\n\t\t\t\t<\/div>\n\t\t\t\t<\/div>\n\t\t\t\t<\/div>\n\t\t<div class=\"elementor-element elementor-element-53f87bd e-con-full e-flex e-con e-parent\" data-id=\"53f87bd\" data-element_type=\"container\" data-e-type=\"container\">\n\t\t\t\t<div class=\"elementor-element elementor-element-741bf3b elementor-widget elementor-widget-template\" data-id=\"741bf3b\" data-element_type=\"widget\" data-e-type=\"widget\" data-widget_type=\"template.default\">\n\t\t\t\t<div class=\"elementor-widget-container\">\n\t\t\t\t\t\t\t<div class=\"elementor-template\">\n\t\t\t\t\t<div data-elementor-type=\"container\" data-elementor-id=\"1114\" class=\"elementor elementor-1114 elementor-498 elementor-498\" data-elementor-post-type=\"elementor_library\">\n\t\t\t\t<div class=\"elementor-element elementor-element-3cbb2630 e-con-full e-flex e-con e-parent\" data-id=\"3cbb2630\" data-element_type=\"container\" data-e-type=\"container\">\n\t\t\t\t<div class=\"elementor-element elementor-element-25764079 elementor-widget elementor-widget-heading\" data-id=\"25764079\" data-element_type=\"widget\" data-e-type=\"widget\" data-widget_type=\"heading.default\">\n\t\t\t\t<div class=\"elementor-widget-container\">\n\t\t\t\t\t<h2 class=\"elementor-heading-title elementor-size-default\">Algunos de nuestros socios<\/h2>\t\t\t\t<\/div>\n\t\t\t\t<\/div>\n\t\t\t\t<div class=\"elementor-element elementor-element-47559763 elementor-widget elementor-widget-image-carousel\" data-id=\"47559763\" data-element_type=\"widget\" data-e-type=\"widget\" data-settings=\"{&quot;slides_to_show&quot;:&quot;6&quot;,&quot;slides_to_scroll&quot;:&quot;1&quot;,&quot;navigation&quot;:&quot;none&quot;,&quot;lazyload&quot;:&quot;yes&quot;,&quot;image_spacing_custom&quot;:{&quot;unit&quot;:&quot;px&quot;,&quot;size&quot;:100,&quot;sizes&quot;:[]},&quot;slides_to_show_tablet&quot;:&quot;4&quot;,&quot;image_spacing_custom_tablet&quot;:{&quot;unit&quot;:&quot;px&quot;,&quot;size&quot;:20,&quot;sizes&quot;:[]},&quot;slides_to_show_mobile&quot;:&quot;2&quot;,&quot;autoplay_speed&quot;:0,&quot;speed&quot;:5000,&quot;autoplay&quot;:&quot;yes&quot;,&quot;infinite&quot;:&quot;yes&quot;,&quot;image_spacing_custom_mobile&quot;:{&quot;unit&quot;:&quot;px&quot;,&quot;size&quot;:&quot;&quot;,&quot;sizes&quot;:[]}}\" data-widget_type=\"image-carousel.default\">\n\t\t\t\t<div class=\"elementor-widget-container\">\n\t\t\t\t\t\t\t<div class=\"elementor-image-carousel-wrapper swiper\" role=\"region\" aria-roledescription=\"carousel\" aria-label=\"Carrusel de im\u00e1genes\" dir=\"ltr\">\n\t\t\t<div class=\"elementor-image-carousel swiper-wrapper\" aria-live=\"off\">\n\t\t\t\t\t\t\t\t<div class=\"swiper-slide\" role=\"group\" aria-roledescription=\"slide\" aria-label=\"1 de 7\"><figure class=\"swiper-slide-inner\"><img class=\"swiper-slide-image swiper-lazy\" data-src=\"https:\/\/c-m-c.nl\/wp-content\/uploads\/2024\/07\/ico-jysk.svg\" alt=\"ico-jysk\" \/><div class=\"swiper-lazy-preloader\"><\/div><\/figure><\/div><div class=\"swiper-slide\" role=\"group\" aria-roledescription=\"slide\" aria-label=\"2 de 7\"><figure class=\"swiper-slide-inner\"><img class=\"swiper-slide-image swiper-lazy\" data-src=\"https:\/\/c-m-c.nl\/wp-content\/uploads\/2024\/11\/Zara_retailer-Logo.wine_-e1730993237797.png\" alt=\"Zara_(retailer)-Logo.wine\" \/><div class=\"swiper-lazy-preloader\"><\/div><\/figure><\/div><div class=\"swiper-slide\" role=\"group\" aria-roledescription=\"slide\" aria-label=\"3 de 7\"><figure class=\"swiper-slide-inner\"><img class=\"swiper-slide-image swiper-lazy\" data-src=\"https:\/\/c-m-c.nl\/wp-content\/uploads\/2024\/07\/ico-oriental.svg\" alt=\"ico-oriental\" \/><div class=\"swiper-lazy-preloader\"><\/div><\/figure><\/div><div class=\"swiper-slide\" role=\"group\" aria-roledescription=\"slide\" aria-label=\"4 de 7\"><figure class=\"swiper-slide-inner\"><img class=\"swiper-slide-image swiper-lazy\" data-src=\"https:\/\/c-m-c.nl\/wp-content\/uploads\/2024\/11\/Massimo_Dutti.png\" alt=\"Massimo_Dutti\" \/><div class=\"swiper-lazy-preloader\"><\/div><\/figure><\/div><div class=\"swiper-slide\" role=\"group\" aria-roledescription=\"slide\" aria-label=\"5 de 7\"><figure class=\"swiper-slide-inner\"><img class=\"swiper-slide-image swiper-lazy\" data-src=\"https:\/\/c-m-c.nl\/wp-content\/uploads\/2024\/07\/ico-hema.svg\" alt=\"ico-hema\" \/><div class=\"swiper-lazy-preloader\"><\/div><\/figure><\/div><div class=\"swiper-slide\" role=\"group\" aria-roledescription=\"slide\" aria-label=\"6 de 7\"><figure class=\"swiper-slide-inner\"><img class=\"swiper-slide-image swiper-lazy\" data-src=\"https:\/\/c-m-c.nl\/wp-content\/uploads\/2024\/11\/Bershka-Emblem.png\" alt=\"Bershka-Emblem\" \/><div class=\"swiper-lazy-preloader\"><\/div><\/figure><\/div><div class=\"swiper-slide\" role=\"group\" aria-roledescription=\"slide\" aria-label=\"7 de 7\"><figure class=\"swiper-slide-inner\"><img class=\"swiper-slide-image swiper-lazy\" data-src=\"https:\/\/c-m-c.nl\/wp-content\/uploads\/2024\/11\/Media_Markt_logo.svg.png\" alt=\"Media_Markt_logo.svg\" \/><div class=\"swiper-lazy-preloader\"><\/div><\/figure><\/div>\t\t\t<\/div>\n\t\t\t\t\t\t\t\n\t\t\t\t\t\t\t\t\t<\/div>\n\t\t\t\t\t\t<\/div>\n\t\t\t\t<\/div>\n\t\t\t\t<\/div>\n\t\t\t\t<\/div>\n\t\t\t\t<\/div>\n\t\t\t\t\t\t<\/div>\n\t\t\t\t<\/div>\n\t\t\t\t<\/div>\n\t\t\t\t<\/div>\n\t\t","protected":false},"excerpt":{"rendered":"<p>Conf\u00eda la renovaci\u00f3n y modernizaci\u00f3n de tu hotel a C-M-C BV y asegura el \u00e9xito de tu proyecto con tranquilidad, seguridad y resultados excelentes.<\/p>\n","protected":false},"author":3,"featured_media":0,"parent":0,"menu_order":0,"comment_status":"closed","ping_status":"closed","template":"","meta":{"footnotes":""},"class_list":["post-2854","page","type-page","status-publish","hentry"],"_links":{"self":[{"href":"https:\/\/c-m-c.nl\/es\/wp-json\/wp\/v2\/pages\/2854","targetHints":{"allow":["GET"]}}],"collection":[{"href":"https:\/\/c-m-c.nl\/es\/wp-json\/wp\/v2\/pages"}],"about":[{"href":"https:\/\/c-m-c.nl\/es\/wp-json\/wp\/v2\/types\/page"}],"author":[{"embeddable":true,"href":"https:\/\/c-m-c.nl\/es\/wp-json\/wp\/v2\/users\/3"}],"replies":[{"embeddable":true,"href":"https:\/\/c-m-c.nl\/es\/wp-json\/wp\/v2\/comments?post=2854"}],"version-history":[{"count":7,"href":"https:\/\/c-m-c.nl\/es\/wp-json\/wp\/v2\/pages\/2854\/revisions"}],"predecessor-version":[{"id":3647,"href":"https:\/\/c-m-c.nl\/es\/wp-json\/wp\/v2\/pages\/2854\/revisions\/3647"}],"wp:attachment":[{"href":"https:\/\/c-m-c.nl\/es\/wp-json\/wp\/v2\/media?parent=2854"}],"curies":[{"name":"wp","href":"https:\/\/api.w.org\/{rel}","templated":true}]}}