{"id":2493,"date":"2024-07-12T09:47:35","date_gmt":"2024-07-12T09:47:35","guid":{"rendered":"https:\/\/wordpress-663295-4718693.cloudwaysapps.com\/sobre-c-m-c\/"},"modified":"2024-11-01T12:14:45","modified_gmt":"2024-11-01T12:14:45","slug":"sobre-c-m-c","status":"publish","type":"page","link":"https:\/\/c-m-c.nl\/es\/sobre-c-m-c\/","title":{"rendered":"Sobre C-M-C"},"content":{"rendered":"\t\t<div data-elementor-type=\"wp-page\" data-elementor-id=\"2493\" class=\"elementor elementor-2493 elementor-23\" data-elementor-post-type=\"page\">\n\t\t\t\t<div class=\"elementor-element elementor-element-1f153f5 e-flex e-con-boxed e-con e-parent\" data-id=\"1f153f5\" data-element_type=\"container\" data-e-type=\"container\">\n\t\t\t\t\t<div class=\"e-con-inner\">\n\t\t\t\t<div class=\"elementor-element elementor-element-bbdcab2 elementor-widget elementor-widget-heading\" data-id=\"bbdcab2\" data-element_type=\"widget\" data-e-type=\"widget\" data-widget_type=\"heading.default\">\n\t\t\t\t<div class=\"elementor-widget-container\">\n\t\t\t\t\t<span class=\"elementor-heading-title elementor-size-default\">Consultor\u00eda en gesti\u00f3n de Construcci\u00f3n<\/span>\t\t\t\t<\/div>\n\t\t\t\t<\/div>\n\t\t\t\t<div class=\"elementor-element elementor-element-1f7df18 elementor-widget elementor-widget-heading\" data-id=\"1f7df18\" data-element_type=\"widget\" data-e-type=\"widget\" data-widget_type=\"heading.default\">\n\t\t\t\t<div class=\"elementor-widget-container\">\n\t\t\t\t\t<h1 class=\"elementor-heading-title elementor-size-default\">Sobre C-M-C<\/h1>\t\t\t\t<\/div>\n\t\t\t\t<\/div>\n\t\t\t\t<div class=\"elementor-element elementor-element-b608e96 p-0 elementor-widget elementor-widget-text-editor\" data-id=\"b608e96\" data-element_type=\"widget\" data-e-type=\"widget\" data-widget_type=\"text-editor.default\">\n\t\t\t\t<div class=\"elementor-widget-container\">\n\t\t\t\t\t\t\t\t\t<p class=\"p1\">C-M-C Ltd. es una consultor\u00eda de construcci\u00f3n independiente. Desde nuestra fundaci\u00f3n en 1999, hemos ofrecido asesoramiento y apoyo a empresas y propietarios de inmuebles en actividades relacionadas con la construcci\u00f3n, la renovaci\u00f3n y el mantenimiento. Nuestros especialistas est\u00e1n comprometidos y cuentan con amplia experiencia, y siempre est\u00e1n encantados de ayudarte con cualquier aspecto de tu proyecto.   <\/p>\n\t\t\t\t\t\t\t\t<\/div>\n\t\t\t\t<\/div>\n\t\t\t\t\t<\/div>\n\t\t\t\t<\/div>\n\t\t<div class=\"elementor-element elementor-element-acfe132 e-con-full e-flex e-con e-parent\" data-id=\"acfe132\" data-element_type=\"container\" data-e-type=\"container\">\n\t\t<div class=\"elementor-element elementor-element-8afeff6 e-con-full e-flex e-con e-child\" data-id=\"8afeff6\" data-element_type=\"container\" data-e-type=\"container\" data-settings=\"{&quot;background_background&quot;:&quot;classic&quot;}\">\n\t\t\t\t<div class=\"elementor-element elementor-element-1d632cb elementor-position-inline-start elementor-mobile-position-inline-start elementor-view-default elementor-widget elementor-widget-icon-box\" data-id=\"1d632cb\" data-element_type=\"widget\" data-e-type=\"widget\" data-widget_type=\"icon-box.default\">\n\t\t\t\t<div class=\"elementor-widget-container\">\n\t\t\t\t\t\t\t<div class=\"elementor-icon-box-wrapper\">\n\n\t\t\t\t\t\t<div class=\"elementor-icon-box-icon\">\n\t\t\t\t<span  class=\"elementor-icon\">\n\t\t\t\t<svg xmlns=\"http:\/\/www.w3.org\/2000\/svg\" width=\"50\" height=\"50\" viewBox=\"0 0 50 50\" fill=\"none\"><path d=\"M45.9703 31.1193H4.02996C3.5822 31.1193 3.28369 31.4178 3.28369 31.8656V34.4775C3.28369 34.8506 3.5822 35.2238 4.02996 35.2238H14.3285L8.13444 48.0596C8.05981 48.2835 8.05981 48.582 8.13444 48.8059C8.28369 49.0297 8.50757 49.179 8.80608 49.179H12.0897C12.3882 49.179 12.6121 49.0298 12.7613 48.7312L19.2538 35.2238H22.7613V48.4327C22.7613 48.8805 23.1344 49.179 23.5076 49.179H26.4926C26.8658 49.179 27.2389 48.8805 27.2389 48.4327V35.2238H30.7464L37.2389 48.7312C37.3882 48.9551 37.612 49.179 37.9106 49.179H41.1941C41.6419 49.179 41.9404 48.8805 41.9404 48.4327C41.9404 48.2835 41.8658 48.1342 41.7912 47.985L35.6717 35.2238H45.9703C46.3434 35.2238 46.7165 34.8506 46.7165 34.4775V31.8656C46.7165 31.4178 46.418 31.1193 45.9703 31.1193ZM45.9703 0.820801H4.02996C3.5822 0.820801 3.28369 1.11931 3.28369 1.56707V4.17901C3.28369 4.62677 3.5822 4.92528 4.02996 4.92528H45.9703C46.3434 4.92528 46.7165 4.62677 46.7165 4.17901V1.56707C46.7165 1.19393 46.418 0.820801 45.9703 0.820801Z\" fill=\"#1E1E1E\"><\/path><path d=\"M23.1345 10.373H12.0151V11.791H23.1345V10.373Z\" fill=\"#1E1E1E\"><\/path><path d=\"M21.8658 17.1642C21.8658 16.7164 21.5673 16.5671 21.1196 16.5671H20.224V17.6119H21.1196C21.5673 17.6865 21.8658 17.5373 21.8658 17.1642ZM21.1942 18.3582H20.1494V19.4776H21.2688C21.7166 19.4776 22.0897 19.403 22.0897 18.8806C22.0897 18.5074 21.7912 18.3582 21.1942 18.3582Z\" fill=\"#1E1E1E\"><\/path><path d=\"M15.6719 17.3135H12.0151V18.7314H15.6719V17.3135Z\" fill=\"#1E1E1E\"><\/path><path d=\"M28.8805 9.77612L28.1343 11.4925H29.6268L28.8805 9.77612Z\" fill=\"#1E1E1E\"><\/path><path d=\"M5.44775 6.41797V29.5523H44.6269V6.41797H5.44775ZM28.5075 8.95528H29.2537L31.1194 13.1344H30.3731L29.9254 12.1642H27.8358L27.3881 13.1344H26.6418L28.5075 8.95528ZM10.597 9.62692C10.597 9.25379 10.8955 8.95528 11.2686 8.95528H23.806C24.1791 8.95528 24.4776 9.25379 24.4776 9.62692V12.3881C24.4776 12.7613 24.1791 13.0598 23.806 13.0598H11.2686C10.8955 13.0598 10.597 12.7613 10.597 12.3881V9.62692ZM22.8358 18.9553C22.8358 19.5523 22.388 20.1493 21.3433 20.1493H19.5522V15.9702H21.194C22.2388 15.9702 22.6866 16.4926 22.6866 17.0896C22.6866 17.612 22.4627 17.8359 22.0895 17.9851C22.4627 18.0598 22.8358 18.4329 22.8358 18.9553ZM10.597 16.6418C10.597 16.2687 10.8955 15.9702 11.2686 15.9702H16.2686C16.6418 15.9702 16.9403 16.2687 16.9403 16.6418V19.403C16.9403 19.7762 16.6418 20.0747 16.2686 20.0747H11.2686C10.8955 20.0747 10.597 19.7762 10.597 19.403V16.6418ZM32.388 26.418C32.388 26.7911 32.0895 27.0896 31.7164 27.0896H11.2686C10.8955 27.0896 10.597 26.7911 10.597 26.418V23.6568C10.597 23.2836 10.8955 22.9851 11.2686 22.9851H31.7164C32.0895 22.9851 32.388 23.2836 32.388 23.6568V26.418ZM37.0149 26.418C37.4627 26.418 37.7612 26.3433 38.1343 25.8956L38.5821 26.3433C38.1343 26.7911 37.6119 27.0896 37.0149 27.0896C35.8209 27.0896 34.9254 26.1941 34.9254 25.0001C34.9254 23.806 35.8209 22.9105 37.0895 22.9105C37.6866 22.9105 38.2089 23.1344 38.6567 23.5821L38.2089 24.0299C37.8358 23.6568 37.5373 23.5075 37.0895 23.5075C36.2686 23.5075 35.6716 24.0299 35.6716 24.9254C35.6716 25.8956 36.2686 26.418 37.0149 26.418Z\" fill=\"#1E1E1E\"><\/path><path d=\"M31.045 24.3284H12.0151V25.7463H31.045V24.3284Z\" fill=\"#1E1E1E\"><\/path><\/svg>\t\t\t\t<\/span>\n\t\t\t<\/div>\n\t\t\t\n\t\t\t\t\t\t<div class=\"elementor-icon-box-content\">\n\n\t\t\t\t\t\t\t\t\t<h2 class=\"elementor-icon-box-title\">\n\t\t\t\t\t\t<span  >\n\t\t\t\t\t\t\tPreparaci\u00f3n y seguimiento del trabajo y la construcci\u00f3n\t\t\t\t\t\t<\/span>\n\t\t\t\t\t<\/h2>\n\t\t\t\t\n\t\t\t\t\n\t\t\t<\/div>\n\t\t\t\n\t\t<\/div>\n\t\t\t\t\t\t<\/div>\n\t\t\t\t<\/div>\n\t\t\t\t<div class=\"elementor-element elementor-element-fa44148 p-0 elementor-widget elementor-widget-text-editor\" data-id=\"fa44148\" data-element_type=\"widget\" data-e-type=\"widget\" data-widget_type=\"text-editor.default\">\n\t\t\t\t<div class=\"elementor-widget-container\">\n\t\t\t\t\t\t\t\t\t<p class=\"p1\">Nos encargamos de todo, desde la redacci\u00f3n de descripciones de trabajo hasta la elaboraci\u00f3n de cronogramas realistas, manteniendo siempre un control riguroso sobre los presupuestos, costes y riesgos. Coordinamos las consultas con las partes interesadas y aseguramos que tu proyecto se mantenga dentro de los plazos establecidos, cumpliendo los est\u00e1ndares de calidad y los l\u00edmites financieros. Tus retos se convierten en los nuestros: rel\u00e1jate y d\u00e9janos ocuparnos de todo.   <\/p>\n\t\t\t\t\t\t\t\t<\/div>\n\t\t\t\t<\/div>\n\t\t\t\t<\/div>\n\t\t<div class=\"elementor-element elementor-element-8567f46 e-con-full e-flex e-con e-child\" data-id=\"8567f46\" data-element_type=\"container\" data-e-type=\"container\" data-settings=\"{&quot;background_background&quot;:&quot;classic&quot;}\">\n\t\t\t\t<div class=\"elementor-element elementor-element-b4fe12c elementor-position-inline-start elementor-mobile-position-inline-start elementor-view-default elementor-widget elementor-widget-icon-box\" data-id=\"b4fe12c\" data-element_type=\"widget\" data-e-type=\"widget\" data-widget_type=\"icon-box.default\">\n\t\t\t\t<div class=\"elementor-widget-container\">\n\t\t\t\t\t\t\t<div class=\"elementor-icon-box-wrapper\">\n\n\t\t\t\t\t\t<div class=\"elementor-icon-box-icon\">\n\t\t\t\t<span  class=\"elementor-icon\">\n\t\t\t\t<svg xmlns=\"http:\/\/www.w3.org\/2000\/svg\" width=\"50\" height=\"50\" viewBox=\"0 0 50 50\" fill=\"none\"><path d=\"M23.3516 12.6094V18C23.3516 18.4453 22.9922 18.8047 22.5469 18.8047H16.1484L16.3438 44.1172V44.2344L16.3828 50H46.2812L46.6094 12.6094H23.3516ZM42.2266 46.8281H20.5313C20.0859 46.8281 19.7266 46.4688 19.7266 46.0234C19.7266 45.5781 20.0859 45.2188 20.5313 45.2188H42.2344C42.6797 45.2188 43.0391 45.5781 43.0391 46.0234C43.0391 46.4688 42.6719 46.8281 42.2266 46.8281ZM42.2266 42.0625H20.5313C20.0859 42.0625 19.7266 41.7109 19.7266 41.2578C19.7266 40.8125 20.0859 40.4531 20.5313 40.4531H42.2344C42.34 40.4536 42.4446 40.475 42.542 40.5159C42.6395 40.5568 42.7279 40.6165 42.8022 40.6916C42.8766 40.7667 42.9354 40.8557 42.9754 40.9535C43.0154 41.0513 43.0357 41.156 43.0352 41.2617C43.0346 41.3674 43.0133 41.4719 42.9724 41.5694C42.9315 41.6668 42.8718 41.7552 42.7967 41.8296C42.7216 41.9039 42.6326 41.9628 42.5348 42.0027C42.437 42.0427 42.3322 42.063 42.2266 42.0625ZM42.2266 37.3047H20.5313C20.0859 37.3047 19.7266 36.9453 19.7266 36.5C19.7266 36.0469 20.0859 35.6953 20.5313 35.6953H42.2344C42.6797 35.6953 43.0391 36.0469 43.0391 36.5C43.0391 36.9453 42.6719 37.3047 42.2266 37.3047ZM42.2266 32.5391H20.5313C20.0859 32.5391 19.7266 32.1797 19.7266 31.7344C19.7266 31.2891 20.0859 30.9297 20.5313 30.9297H42.2344C42.6797 30.9297 43.0391 31.2891 43.0391 31.7344C43.0391 32.1797 42.6719 32.5391 42.2266 32.5391ZM42.2266 27.7734H20.5313C20.0859 27.7734 19.7266 27.4219 19.7266 26.9688C19.7266 26.5234 20.0859 26.1641 20.5313 26.1641H42.2344C42.34 26.1646 42.4446 26.1859 42.542 26.2268C42.6395 26.2677 42.7279 26.3274 42.8022 26.4025C42.8766 26.4776 42.9354 26.5666 42.9754 26.6644C43.0154 26.7622 43.0357 26.867 43.0352 26.9727C43.0346 27.0783 43.0133 27.1829 42.9724 27.2803C42.9315 27.3777 42.8718 27.4662 42.7967 27.5405C42.7216 27.6149 42.6326 27.6737 42.5348 27.7137C42.437 27.7536 42.3322 27.774 42.2266 27.7734ZM42.2266 23.0156H20.5313C20.0859 23.0156 19.7266 22.6563 19.7266 22.2109C19.7266 21.7578 20.0859 21.4062 20.5313 21.4062H42.2344C42.6797 21.4062 43.0391 21.7578 43.0391 22.2109C43.0391 22.6563 42.6719 23.0156 42.2266 23.0156Z\" fill=\"#1E1E1E\"><\/path><path d=\"M21.7344 13.5625L17.5234 17.1953H21.7344V13.5625ZM15.0391 7.15625L10.9531 10.7266H15.0391V7.15625Z\" fill=\"#1E1E1E\"><\/path><path d=\"M22.2266 11.0625C22.2578 11.0469 22.2891 11.0391 22.3281 11.0312C22.3906 11.0078 22.4688 11 22.5391 11H39.2422L39.2812 6.17969H16.6484V11.5313C16.6484 11.9766 16.2891 12.3359 15.8438 12.3359H9.61719L9.8125 38.0078L9.85156 43.375H14.7109L14.5313 18.0078V18C14.5313 17.8125 14.5938 17.6484 14.7031 17.5078C14.7344 17.4688 14.7656 17.4297 14.8047 17.3984C14.8281 17.375 14.8594 17.3594 14.8828 17.3359L21.9688 11.2422C22.0469 11.1641 22.1328 11.1016 22.2266 11.0625Z\" fill=\"#1E1E1E\"><\/path><path d=\"M8.07031 11.2188C8.08594 11.1797 8.10156 11.1406 8.13281 11.1016C8.17188 11.0469 8.21875 10.9922 8.27344 10.9297L15.2656 4.8125C15.3438 4.74219 15.4375 4.67188 15.5312 4.63281C15.5625 4.61719 15.6016 4.60938 15.6328 4.60156C15.6953 4.57812 15.7734 4.57031 15.8438 4.57031H33.0312L33.0703 0H10.4219V5.35156C10.4219 5.79688 10.0625 6.15625 9.61719 6.15625H3.39062L3.625 37.1953H8.1875L7.99219 11.5312C7.99347 11.4224 8.02022 11.3154 8.07031 11.2188Z\" fill=\"#1E1E1E\"><\/path><path d=\"M8.8125 0.96875L4.71875 4.54687H8.8125V0.96875Z\" fill=\"#1E1E1E\"><\/path><\/svg>\t\t\t\t<\/span>\n\t\t\t<\/div>\n\t\t\t\n\t\t\t\t\t\t<div class=\"elementor-icon-box-content\">\n\n\t\t\t\t\t\t\t\t\t<h2 class=\"elementor-icon-box-title\">\n\t\t\t\t\t\t<span  >\n\t\t\t\t\t\t\tGesti\u00f3n de diferentes tipos de permisos\t\t\t\t\t\t<\/span>\n\t\t\t\t\t<\/h2>\n\t\t\t\t\n\t\t\t\t\n\t\t\t<\/div>\n\t\t\t\n\t\t<\/div>\n\t\t\t\t\t\t<\/div>\n\t\t\t\t<\/div>\n\t\t\t\t<div class=\"elementor-element elementor-element-97fa6f4 p-0 elementor-widget elementor-widget-text-editor\" data-id=\"97fa6f4\" data-element_type=\"widget\" data-e-type=\"widget\" data-widget_type=\"text-editor.default\">\n\t\t\t\t<div class=\"elementor-widget-container\">\n\t\t\t\t\t\t\t\t\t<p class=\"p1\">Por ejemplo, para cambios en el uso del suelo y modificaciones de zonificaci\u00f3n, permisos de demolici\u00f3n o conexiones de servicios p\u00fablicos. Tambi\u00e9n nos encargamos de los permisos ambientales de acuerdo con la legislaci\u00f3n local y estatal, as\u00ed como de la construcci\u00f3n de nuevas ubicaciones comerciales, ventanas de buhardilla, extensiones estructurales, garajes, oficinas, viviendas nuevas en propiedades privadas, hoteles y restaurantes. Gestionamos de manera competente cualquier construcci\u00f3n que requiera un permiso para llevarla a cabo.  <\/p>\n\t\t\t\t\t\t\t\t<\/div>\n\t\t\t\t<\/div>\n\t\t\t\t<\/div>\n\t\t<div class=\"elementor-element elementor-element-998c585 e-con-full e-flex e-con e-child\" data-id=\"998c585\" data-element_type=\"container\" data-e-type=\"container\" data-settings=\"{&quot;background_background&quot;:&quot;classic&quot;}\">\n\t\t\t\t<div class=\"elementor-element elementor-element-f3b9d61 elementor-position-inline-start elementor-mobile-position-inline-start elementor-view-default elementor-widget elementor-widget-icon-box\" data-id=\"f3b9d61\" data-element_type=\"widget\" data-e-type=\"widget\" data-widget_type=\"icon-box.default\">\n\t\t\t\t<div class=\"elementor-widget-container\">\n\t\t\t\t\t\t\t<div class=\"elementor-icon-box-wrapper\">\n\n\t\t\t\t\t\t<div class=\"elementor-icon-box-icon\">\n\t\t\t\t<span  class=\"elementor-icon\">\n\t\t\t\t<svg xmlns=\"http:\/\/www.w3.org\/2000\/svg\" width=\"43\" height=\"43\" viewBox=\"0 0 43 43\" fill=\"none\"><g clip-path=\"url(#clip0_76_609)\"><path d=\"M1.82085e-06 41.6562L1.5859e-06 36.2812C1.57169e-06 35.9561 0.118252 35.6416 0.333252 35.3944L16.5953 16.8453C16.3938 15.8858 16.125 14.4023 16.125 13.4375C16.125 6.02806 22.1531 -9.68341e-07 29.5625 -1.29222e-06C36.9719 -1.61609e-06 43 6.02806 43 13.4375C43 20.8469 36.9719 26.875 29.5625 26.875C27.3614 26.875 25.886 26.4557 24.6605 25.9801L23.1071 30.5542C23.0151 30.825 22.8391 31.0594 22.6046 31.2232C22.3702 31.3871 22.0896 31.4719 21.8037 31.4652L16.7028 31.3524L16.3454 36.4855C16.3222 36.8176 16.1767 37.1293 15.9368 37.3601C15.697 37.591 15.38 37.7247 15.0473 37.7352L8.9225 37.926L8.03025 41.9465C7.96418 42.2451 7.79821 42.5123 7.55975 42.7039C7.32129 42.8954 7.02462 42.9999 6.71875 43L1.34375 43C0.987367 43 0.645579 42.8584 0.393577 42.6064C0.141575 42.3544 1.83643e-06 42.0126 1.82085e-06 41.6562ZM29.5625 9.40625C29.5636 10.4751 29.9886 11.4998 30.7444 12.2556C31.5002 13.0114 32.5249 13.4364 33.5938 13.4375C34.6449 13.4104 35.6438 12.9737 36.3777 12.2207C37.1115 11.4676 37.5223 10.4577 37.5223 9.40625C37.5223 8.35476 37.1115 7.34486 36.3777 6.59182C35.6438 5.83877 34.6449 5.40214 33.5938 5.375C31.3685 5.375 29.5625 7.181 29.5625 9.40625Z\" fill=\"#1E1E1E\"><\/path><\/g><defs><clipPath id=\"clip0_76_609\"><rect width=\"43\" height=\"43\" fill=\"white\" transform=\"matrix(4.37114e-08 1 1 -4.37114e-08 0 0)\"><\/rect><\/clipPath><\/defs><\/svg>\t\t\t\t<\/span>\n\t\t\t<\/div>\n\t\t\t\n\t\t\t\t\t\t<div class=\"elementor-icon-box-content\">\n\n\t\t\t\t\t\t\t\t\t<h2 class=\"elementor-icon-box-title\">\n\t\t\t\t\t\t<span  >\n\t\t\t\t\t\t\tMediador pragm\u00e1tico y orientado a soluciones\t\t\t\t\t\t<\/span>\n\t\t\t\t\t<\/h2>\n\t\t\t\t\n\t\t\t\t\n\t\t\t<\/div>\n\t\t\t\n\t\t<\/div>\n\t\t\t\t\t\t<\/div>\n\t\t\t\t<\/div>\n\t\t\t\t<div class=\"elementor-element elementor-element-e298611 p-0 elementor-widget elementor-widget-text-editor\" data-id=\"e298611\" data-element_type=\"widget\" data-e-type=\"widget\" data-widget_type=\"text-editor.default\">\n\t\t\t\t<div class=\"elementor-widget-container\">\n\t\t\t\t\t\t\t\t\t<p class=\"p1\">Mediamos entre el gobierno local, bomberos, contratistas, instaladores, constructores y arquitectos externos, y nos aseguramos de ajustarnos a la normativa actual durante el proceso. Nuestra amplia experiencia nos permite adoptar un enfoque pr\u00e1ctico para encontrar soluciones a cualquier desaf\u00edo. <\/p>\n\t\t\t\t\t\t\t\t<\/div>\n\t\t\t\t<\/div>\n\t\t\t\t<\/div>\n\t\t\t\t<\/div>\n\t\t<div class=\"elementor-element elementor-element-2061635 e-con-full e-flex e-con e-parent\" data-id=\"2061635\" data-element_type=\"container\" data-e-type=\"container\" data-settings=\"{&quot;background_background&quot;:&quot;classic&quot;}\">\n\t\t<div class=\"elementor-element elementor-element-f4726b5 e-con-full e-flex e-con e-child\" data-id=\"f4726b5\" data-element_type=\"container\" data-e-type=\"container\" data-settings=\"{&quot;background_background&quot;:&quot;classic&quot;}\">\n\t\t\t\t<\/div>\n\t\t<div class=\"elementor-element elementor-element-d4abb00 e-con-full e-flex e-con e-child\" data-id=\"d4abb00\" data-element_type=\"container\" data-e-type=\"container\">\n\t\t<div class=\"elementor-element elementor-element-2da6e81 e-con-full e-flex e-con e-child\" data-id=\"2da6e81\" data-element_type=\"container\" data-e-type=\"container\">\n\t\t\t\t<div class=\"elementor-element elementor-element-6e276d2 elementor-widget elementor-widget-heading\" data-id=\"6e276d2\" data-element_type=\"widget\" data-e-type=\"widget\" data-widget_type=\"heading.default\">\n\t\t\t\t<div class=\"elementor-widget-container\">\n\t\t\t\t\t<h2 class=\"elementor-heading-title elementor-size-default\">Trabaja con C-M-C<\/h2>\t\t\t\t<\/div>\n\t\t\t\t<\/div>\n\t\t\t\t<div class=\"elementor-element elementor-element-4886581 p-0 elementor-widget elementor-widget-text-editor\" data-id=\"4886581\" data-element_type=\"widget\" data-e-type=\"widget\" data-widget_type=\"text-editor.default\">\n\t\t\t\t<div class=\"elementor-widget-container\">\n\t\t\t\t\t\t\t\t\t<p class=\"p1\">\u00bfBuscas trabajo o hacer pr\u00e1cticas en C-M-C Ltd.? Echa un vistazo a nuestras pr\u00e1cticas enriquecedoras y desafiantes, o cont\u00e1ctanos para conocer nuestras ofertas de trabajo actuales. Estamos abiertos a cualquier otra consulta que puedas tener.   <\/p>\n\t\t\t\t\t\t\t\t<\/div>\n\t\t\t\t<\/div>\n\t\t\t\t<\/div>\n\t\t\t\t<div class=\"elementor-element elementor-element-c01c4e5 btn-icon org elementor-mobile-align-justify elementor-widget elementor-widget-button\" data-id=\"c01c4e5\" data-element_type=\"widget\" data-e-type=\"widget\" data-widget_type=\"button.default\">\n\t\t\t\t<div class=\"elementor-widget-container\">\n\t\t\t\t\t\t\t\t\t<div class=\"elementor-button-wrapper\">\n\t\t\t\t\t<a class=\"elementor-button elementor-button-link elementor-size-sm\" href=\"https:\/\/c-m-c.nl\/es\/ponte-en-contacto-con\/\">\n\t\t\t\t\t\t<span class=\"elementor-button-content-wrapper\">\n\t\t\t\t\t\t<span class=\"elementor-button-icon\">\n\t\t\t\t<svg xmlns=\"http:\/\/www.w3.org\/2000\/svg\" width=\"42\" height=\"42\" viewBox=\"0 0 42 42\" fill=\"none\"><rect x=\"0.5\" y=\"0.5\" width=\"41\" height=\"41\" rx=\"20.5\" stroke=\"white\"><\/rect><path d=\"M23.6 15L22.5387 16.0612L26.7275 20.25L12.4 20.25V21.75L26.7275 21.75L22.5387 25.9388L23.6 27L29.6 21L23.6 15Z\" fill=\"white\"><\/path><\/svg>\t\t\t<\/span>\n\t\t\t\t\t\t\t\t\t<span class=\"elementor-button-text\">Cont\u00e1ctanos<\/span>\n\t\t\t\t\t<\/span>\n\t\t\t\t\t<\/a>\n\t\t\t\t<\/div>\n\t\t\t\t\t\t\t\t<\/div>\n\t\t\t\t<\/div>\n\t\t\t\t<\/div>\n\t\t\t\t<\/div>\n\t\t<div class=\"elementor-element elementor-element-5876148 e-con-full e-flex e-con e-parent\" data-id=\"5876148\" data-element_type=\"container\" data-e-type=\"container\">\n\t\t\t\t<div class=\"elementor-element elementor-element-c4eb404 elementor-widget elementor-widget-template\" data-id=\"c4eb404\" data-element_type=\"widget\" data-e-type=\"widget\" data-widget_type=\"template.default\">\n\t\t\t\t<div class=\"elementor-widget-container\">\n\t\t\t\t\t\t\t<div class=\"elementor-template\">\n\t\t\t\t\t<div data-elementor-type=\"container\" data-elementor-id=\"1114\" class=\"elementor elementor-1114 elementor-498 elementor-498\" data-elementor-post-type=\"elementor_library\">\n\t\t\t\t<div class=\"elementor-element elementor-element-3cbb2630 e-con-full e-flex e-con e-parent\" data-id=\"3cbb2630\" data-element_type=\"container\" data-e-type=\"container\">\n\t\t\t\t<div class=\"elementor-element elementor-element-25764079 elementor-widget elementor-widget-heading\" data-id=\"25764079\" data-element_type=\"widget\" data-e-type=\"widget\" data-widget_type=\"heading.default\">\n\t\t\t\t<div class=\"elementor-widget-container\">\n\t\t\t\t\t<h2 class=\"elementor-heading-title elementor-size-default\">Algunos de nuestros socios<\/h2>\t\t\t\t<\/div>\n\t\t\t\t<\/div>\n\t\t\t\t<div class=\"elementor-element elementor-element-47559763 elementor-widget elementor-widget-image-carousel\" data-id=\"47559763\" data-element_type=\"widget\" data-e-type=\"widget\" data-settings=\"{&quot;slides_to_show&quot;:&quot;6&quot;,&quot;slides_to_scroll&quot;:&quot;1&quot;,&quot;navigation&quot;:&quot;none&quot;,&quot;lazyload&quot;:&quot;yes&quot;,&quot;image_spacing_custom&quot;:{&quot;unit&quot;:&quot;px&quot;,&quot;size&quot;:100,&quot;sizes&quot;:[]},&quot;slides_to_show_tablet&quot;:&quot;4&quot;,&quot;image_spacing_custom_tablet&quot;:{&quot;unit&quot;:&quot;px&quot;,&quot;size&quot;:20,&quot;sizes&quot;:[]},&quot;slides_to_show_mobile&quot;:&quot;2&quot;,&quot;autoplay_speed&quot;:0,&quot;speed&quot;:5000,&quot;autoplay&quot;:&quot;yes&quot;,&quot;infinite&quot;:&quot;yes&quot;,&quot;image_spacing_custom_mobile&quot;:{&quot;unit&quot;:&quot;px&quot;,&quot;size&quot;:&quot;&quot;,&quot;sizes&quot;:[]}}\" data-widget_type=\"image-carousel.default\">\n\t\t\t\t<div class=\"elementor-widget-container\">\n\t\t\t\t\t\t\t<div class=\"elementor-image-carousel-wrapper swiper\" role=\"region\" aria-roledescription=\"carousel\" aria-label=\"Carrusel de im\u00e1genes\" dir=\"ltr\">\n\t\t\t<div class=\"elementor-image-carousel swiper-wrapper\" aria-live=\"off\">\n\t\t\t\t\t\t\t\t<div class=\"swiper-slide\" role=\"group\" aria-roledescription=\"slide\" aria-label=\"1 de 7\"><figure class=\"swiper-slide-inner\"><img class=\"swiper-slide-image swiper-lazy\" data-src=\"https:\/\/c-m-c.nl\/wp-content\/uploads\/2024\/07\/ico-jysk.svg\" alt=\"ico-jysk\" \/><div class=\"swiper-lazy-preloader\"><\/div><\/figure><\/div><div class=\"swiper-slide\" role=\"group\" aria-roledescription=\"slide\" aria-label=\"2 de 7\"><figure class=\"swiper-slide-inner\"><img class=\"swiper-slide-image swiper-lazy\" data-src=\"https:\/\/c-m-c.nl\/wp-content\/uploads\/2024\/11\/Zara_retailer-Logo.wine_-e1730993237797.png\" alt=\"Zara_(retailer)-Logo.wine\" \/><div class=\"swiper-lazy-preloader\"><\/div><\/figure><\/div><div class=\"swiper-slide\" role=\"group\" aria-roledescription=\"slide\" aria-label=\"3 de 7\"><figure class=\"swiper-slide-inner\"><img class=\"swiper-slide-image swiper-lazy\" data-src=\"https:\/\/c-m-c.nl\/wp-content\/uploads\/2024\/07\/ico-oriental.svg\" alt=\"ico-oriental\" \/><div class=\"swiper-lazy-preloader\"><\/div><\/figure><\/div><div class=\"swiper-slide\" role=\"group\" aria-roledescription=\"slide\" aria-label=\"4 de 7\"><figure class=\"swiper-slide-inner\"><img class=\"swiper-slide-image swiper-lazy\" data-src=\"https:\/\/c-m-c.nl\/wp-content\/uploads\/2024\/11\/Massimo_Dutti.png\" alt=\"Massimo_Dutti\" \/><div class=\"swiper-lazy-preloader\"><\/div><\/figure><\/div><div class=\"swiper-slide\" role=\"group\" aria-roledescription=\"slide\" aria-label=\"5 de 7\"><figure class=\"swiper-slide-inner\"><img class=\"swiper-slide-image swiper-lazy\" data-src=\"https:\/\/c-m-c.nl\/wp-content\/uploads\/2024\/07\/ico-hema.svg\" alt=\"ico-hema\" \/><div class=\"swiper-lazy-preloader\"><\/div><\/figure><\/div><div class=\"swiper-slide\" role=\"group\" aria-roledescription=\"slide\" aria-label=\"6 de 7\"><figure class=\"swiper-slide-inner\"><img class=\"swiper-slide-image swiper-lazy\" data-src=\"https:\/\/c-m-c.nl\/wp-content\/uploads\/2024\/11\/Bershka-Emblem.png\" alt=\"Bershka-Emblem\" \/><div class=\"swiper-lazy-preloader\"><\/div><\/figure><\/div><div class=\"swiper-slide\" role=\"group\" aria-roledescription=\"slide\" aria-label=\"7 de 7\"><figure class=\"swiper-slide-inner\"><img class=\"swiper-slide-image swiper-lazy\" data-src=\"https:\/\/c-m-c.nl\/wp-content\/uploads\/2024\/11\/Media_Markt_logo.svg.png\" alt=\"Media_Markt_logo.svg\" \/><div class=\"swiper-lazy-preloader\"><\/div><\/figure><\/div>\t\t\t<\/div>\n\t\t\t\t\t\t\t\n\t\t\t\t\t\t\t\t\t<\/div>\n\t\t\t\t\t\t<\/div>\n\t\t\t\t<\/div>\n\t\t\t\t<\/div>\n\t\t\t\t<\/div>\n\t\t\t\t<\/div>\n\t\t\t\t\t\t<\/div>\n\t\t\t\t<\/div>\n\t\t\t\t<\/div>\n\t\t\t\t<\/div>\n\t\t","protected":false},"excerpt":{"rendered":"<p>Consultor\u00eda en gesti\u00f3n de Construcci\u00f3n Sobre C-M-C C-M-C Ltd. es una consultor\u00eda de construcci\u00f3n independiente. Desde nuestra fundaci\u00f3n en 1999, hemos ofrecido asesoramiento y apoyo a empresas y propietarios de inmuebles en actividades relacionadas con la construcci\u00f3n, la renovaci\u00f3n y el mantenimiento. Nuestros especialistas est\u00e1n comprometidos y cuentan con amplia experiencia, y siempre est\u00e1n encantados [&hellip;]<\/p>\n","protected":false},"author":2,"featured_media":0,"parent":0,"menu_order":0,"comment_status":"closed","ping_status":"closed","template":"elementor_header_footer","meta":{"footnotes":""},"class_list":["post-2493","page","type-page","status-publish","hentry"],"_links":{"self":[{"href":"https:\/\/c-m-c.nl\/es\/wp-json\/wp\/v2\/pages\/2493","targetHints":{"allow":["GET"]}}],"collection":[{"href":"https:\/\/c-m-c.nl\/es\/wp-json\/wp\/v2\/pages"}],"about":[{"href":"https:\/\/c-m-c.nl\/es\/wp-json\/wp\/v2\/types\/page"}],"author":[{"embeddable":true,"href":"https:\/\/c-m-c.nl\/es\/wp-json\/wp\/v2\/users\/2"}],"replies":[{"embeddable":true,"href":"https:\/\/c-m-c.nl\/es\/wp-json\/wp\/v2\/comments?post=2493"}],"version-history":[{"count":5,"href":"https:\/\/c-m-c.nl\/es\/wp-json\/wp\/v2\/pages\/2493\/revisions"}],"predecessor-version":[{"id":3100,"href":"https:\/\/c-m-c.nl\/es\/wp-json\/wp\/v2\/pages\/2493\/revisions\/3100"}],"wp:attachment":[{"href":"https:\/\/c-m-c.nl\/es\/wp-json\/wp\/v2\/media?parent=2493"}],"curies":[{"name":"wp","href":"https:\/\/api.w.org\/{rel}","templated":true}]}}